{"id":6,"date":"2021-12-07T16:01:47","date_gmt":"2021-12-07T16:01:47","guid":{"rendered":"https:\/\/websitebuilder-demo.net\/birthday\/?page_id=5"},"modified":"2025-02-24T11:12:26","modified_gmt":"2025-02-24T10:12:26","slug":"accueil","status":"publish","type":"page","link":"https:\/\/ebecaindustrie.com\/","title":{"rendered":"Ebeca Industrie &#8211; Zone Industrielle Sidi Abdelhamid 4061 Sousse &#8211; Tunisie"},"content":{"rendered":"<div class=\"brz-root__container brz-reset-all brz brz-root__container-page\">\n<section id=\"2200923d3f86a1364125_oHvNRZmS5h2E\" class=\"brz-section brz-css-1qgzy4d\">\n<div class=\"brz-section__content brz-section--boxed brz-css-197q91f brz-css-vrhnbl\" data-brz-custom-id=\"mUyw9xX5Gigr\">\n<div class=\"brz-bg\">\n<div class=\"brz-bg-image\"><\/div>\n<\/div>\n<div class=\"brz-container brz-css-33dkcx\">\n<div class=\"brz-row__container brz-css-1tdw578\" data-brz-custom-id=\"st3u2LMRo_Y1\">\n<div class=\"brz-bg\"><\/div>\n<div class=\"brz-row brz-css-1ilb4wz brz-css-hcp8dz\">\n<div class=\"brz-columns brz-css-17n2wbb brz-css-12r6d04\" data-brz-custom-id=\"yYNMwTCsECvX\">\n<div class=\"brz-bg\"><\/div>\n<div class=\"brz-column__items brz-css-1kq8fpc\">\n<div id=\"\" class=\"brz-css-19i6omw brz-css-j43s23 brz-wrapper\">\n<div class=\"brz-image brz-css-7zha9k brz-css-1x7ogrn\" data-brz-custom-id=\"wSRQU_sLMadW\"><picture class=\"brz-picture brz-d-block brz-p-relative brz-css-1ijtb1s\"><source srcset=\"https:\/\/ebecaindustrie.com\/wp-content\/uploads\/brizy\/imgs\/1738080649114-362129cb-2306-4abf-abbf-406d7043e825_1-560x562x3x0x555x562x1738080703.jpg 1x, https:\/\/ebecaindustrie.com\/wp-content\/uploads\/brizy\/imgs\/1738080649114-362129cb-2306-4abf-abbf-406d7043e825_1-1120x1124x6x0x1110x1124x1738080703.jpg 2x\" media=\"(min-width: 992px)\"><source srcset=\"https:\/\/ebecaindustrie.com\/wp-content\/uploads\/brizy\/imgs\/1738080649114-362129cb-2306-4abf-abbf-406d7043e825_1-354x355x0x0x354x355x1738080703.jpg 1x, https:\/\/ebecaindustrie.com\/wp-content\/uploads\/brizy\/imgs\/1738080649114-362129cb-2306-4abf-abbf-406d7043e825_1-708x710x0x0x708x710x1738080703.jpg 2x\" media=\"(min-width: 768px)\"><img decoding=\"async\" class=\"brz-img\" srcset=\"https:\/\/ebecaindustrie.com\/wp-content\/uploads\/brizy\/imgs\/1738080649114-362129cb-2306-4abf-abbf-406d7043e825_1-409x410x0x21x409x369x1738080703.jpg 1x, https:\/\/ebecaindustrie.com\/wp-content\/uploads\/brizy\/imgs\/1738080649114-362129cb-2306-4abf-abbf-406d7043e825_1-818x820x0x42x818x738x1738080703.jpg 2x\" src=\"https:\/\/ebecaindustrie.com\/wp-content\/uploads\/brizy\/imgs\/1738080649114-362129cb-2306-4abf-abbf-406d7043e825_1-560x562x3x0x555x562x1738080703.jpg\" alt=\"\" draggable=\"false\" loading=\"lazy\"><\/picture><\/div>\n<\/div>\n<\/div>\n<\/div>\n<div class=\"brz-columns brz-css-17n2wbb brz-css-1uiql4e\" data-brz-custom-id=\"bDDu7AVUUFdA\">\n<div class=\"brz-bg\"><\/div>\n<div class=\"brz-column__items brz-css-1kq8fpc brz-css-5d25pi\">\n<div id=\"\" class=\"brz-css-19i6omw brz-css-1d0r7u5 brz-wrapper\">\n<div class=\"brz-rich-text brz-rich-text__custom brz-css-v33tju\" data-brz-custom-id=\"b9z55zkGhb8X\">\n<div data-brz-translate-text=\"1\">\n<h1 class=\"brz-tp-lg-heading1 brz-text-xs-center brz-css-lFJfd\" data-generated-css=\"brz-css-sDESf\" data-uniq-id=\"y5hHa\"><span class=\"brz-cp-color2\">Ebeca Industrie  <\/span><\/h1>\n<\/div>\n<\/div>\n<\/div>\n<div id=\"\" class=\"brz-css-19i6omw brz-wrapper\">\n<div class=\"brz-rich-text brz-rich-text__custom brz-css-v33tju\" data-brz-custom-id=\"hiBZKvnzNMzq\">\n<div data-brz-translate-text=\"1\">\n<p class=\"brz-tp-sm-paragraph brz-text-xs-center brz-tp-xs-paragraph brz-mb-sm-0 brz-tp-lg-paragraph brz-mb-lg-20 brz-mb-xs-0 brz-text-lg-justify brz-css-qmhtc\" data-generated-css=\"brz-css-nYTnU\" data-uniq-id=\"rjN6j\"><span class=\"brz-cp-color2\" style=\"color: rgba(var(--brz-global-color2),1);\">Zone Industrielle Sidi Abdelhamid 4061 Sousse &#8211; Tunisie<\/span><\/p>\n<p class=\"brz-tp-sm-paragraph brz-text-xs-center brz-tp-xs-paragraph brz-mb-sm-0 brz-tp-lg-paragraph brz-mb-lg-20 brz-mb-xs-0 brz-text-lg-justify brz-css-m2d71\" data-generated-css=\"brz-css-qvOvq\" data-uniq-id=\"d_80h\"><strong class=\"brz-cp-color2\" style=\"color: rgba(var(--brz-global-color2),1);\">T\u00e9l.<\/strong><span class=\"brz-cp-color2\" style=\"color: rgba(var(--brz-global-color2),1);\"> : +216 73 322 476 | +216 73 322 480 <\/span><\/p>\n<p class=\"brz-tp-sm-paragraph brz-text-xs-center brz-tp-xs-paragraph brz-mb-sm-0 brz-tp-lg-paragraph brz-mb-lg-20 brz-mb-xs-0 brz-text-lg-justify brz-css-uB1Tk\" data-generated-css=\"brz-css-aKhxG\" data-uniq-id=\"mU3hg\"><strong class=\"brz-cp-color2\" style=\"color: rgba(var(--brz-global-color2),1);\">Fax<\/strong><span class=\"brz-cp-color2\" style=\"color: rgba(var(--brz-global-color2),1);\"> : +216 73 322 479<\/span><\/p>\n<p class=\"brz-tp-sm-paragraph brz-text-xs-center brz-tp-xs-paragraph brz-mb-sm-0 brz-tp-lg-paragraph brz-mb-lg-20 brz-mb-xs-0 brz-text-lg-justify brz-css-jxBZl\" data-generated-css=\"brz-css-fGX0i\" data-uniq-id=\"xR6E1\"><span class=\"brz-cp-color2\" style=\"color: rgba(var(--brz-global-color2),1);\">export@ebecaindustrie.com<\/span><\/p>\n<p class=\"brz-tp-sm-paragraph brz-text-xs-center brz-tp-xs-paragraph brz-mb-sm-0 brz-tp-lg-paragraph brz-mb-lg-20 brz-mb-xs-0 brz-text-lg-justify brz-css-hwZsp\" data-generated-css=\"brz-css-bSywy\" data-uniq-id=\"noyF7\"><span class=\"brz-cp-color2\" style=\"color: rgba(var(--brz-global-color2),1);\">sales@ebecaindustrie.com<\/span><\/p>\n<p class=\"brz-mb-sm-0 brz-tp-lg-paragraph brz-mb-lg-20 brz-mb-xs-0 brz-css-uar8z\" data-generated-css=\"brz-css-kYAMi\" data-uniq-id=\"xqDtp\"><\/p>\n<\/div>\n<\/div>\n<\/div>\n<\/div>\n<\/div>\n<\/div>\n<\/div>\n<\/div>\n<\/div>\n<\/section>\n<section id=\"5df679a9f25d68fa1bab_vycnocpbovtxvajwwyjwyzktvcwcldlbgdgu\" class=\"brz-section brz-css-1qgzy4d\">\n<div class=\"brz-section__content brz-section--boxed brz-css-197q91f brz-css-1qfqpan\" data-brz-custom-id=\"dudsvepgothcoustvftyyleaupseltyfyecf\">\n<div class=\"brz-bg\">\n<div class=\"brz-bg-color\"><\/div>\n<\/div>\n<div class=\"brz-container brz-css-33dkcx\">\n<div class=\"brz-row__container brz-css-1tdw578 brz-css-1o5teet\" data-brz-custom-id=\"niuqcddxoyrzoepkgkfkmhranbjbdqufprnu\">\n<div class=\"brz-bg\"><\/div>\n<div class=\"brz-row brz-css-1ilb4wz brz-css-hcp8dz\">\n<div class=\"brz-columns brz-css-17n2wbb brz-css-1phxkza\" data-brz-custom-id=\"dvottuqeymdthqxdjnkjnavzmrdkuefitwij\">\n<div class=\"brz-bg\"><\/div>\n<div class=\"brz-column__items brz-css-1kq8fpc brz-css-1chznsc\">\n<div id=\"\" class=\"brz-css-19i6omw brz-css-19b4kee brz-wrapper\">\n<div class=\"brz-rich-text brz-rich-text__custom brz-css-v33tju\" data-brz-custom-id=\"rakvyynydwqqdcafmrjvqbyiqfwsjvoqsgvv\">\n<div data-brz-translate-text=\"1\">\n<p class=\"brz-tp-lg-paragraph brz-tp-sm-paragraph brz-text-xs-center brz-tp-xs-paragraph brz-text-lg-center brz-css-zFSYl\" data-generated-css=\"brz-css-mlylW\" data-uniq-id=\"bjZg2\"><span style=\"color: rgba(var(--brz-global-color7),0.7);\" class=\"brz-cp-color7\">Notre site est en cours de cr\u00e9ation. Restez connect\u00e9s, nous serons bient\u00f4t en ligne !<\/span><\/p>\n<\/div>\n<\/div>\n<\/div>\n<\/div>\n<\/div>\n<\/div>\n<\/div>\n<\/div>\n<\/div>\n<\/section>\n<section id=\"49019282a21a993d0a82_lPPLKyj8FhNo\" class=\"brz-section brz-css-1qgzy4d\">\n<div class=\"brz-section__content brz-section--boxed brz-css-197q91f brz-css-kfscub\" data-brz-custom-id=\"cjpC942glYgL\">\n<div class=\"brz-container brz-css-33dkcx\">\n<div class=\"brz-row__container brz-css-1tdw578\" data-brz-custom-id=\"sG9jjAOC9c4Q\">\n<div class=\"brz-bg\"><\/div>\n<div class=\"brz-row brz-css-1ilb4wz brz-css-hcp8dz\">\n<div class=\"brz-columns brz-css-17n2wbb brz-css-k0m2ij\" data-brz-custom-id=\"iyDzdevVGtH9\">\n<div class=\"brz-column__items brz-css-1kq8fpc brz-css-yczalm\">\n<div id=\"\" class=\"brz-css-19i6omw brz-wrapper\">\n<div class=\"brz-image brz-css-1r7i05f brz-css-ui2mxl\" data-brz-custom-id=\"eIE4B8gKZzbQ\"><picture class=\"brz-picture brz-d-block brz-p-relative brz-css-1aug91a\"><source srcset=\"https:\/\/ebecaindustrie.com\/wp-content\/uploads\/brizy\/imgs\/7-393x263x65x0x263x263x1738147406.jpg 1x, https:\/\/ebecaindustrie.com\/wp-content\/uploads\/brizy\/imgs\/7-786x526x130x0x526x526x1738147406.jpg 2x\" media=\"(min-width: 992px)\"><source srcset=\"https:\/\/ebecaindustrie.com\/wp-content\/uploads\/brizy\/imgs\/7-529x353x88x0x353x353x1738147406.jpg 1x, https:\/\/ebecaindustrie.com\/wp-content\/uploads\/brizy\/imgs\/7-1058x706x176x0x706x706x1738147406.jpg 2x\" media=\"(min-width: 768px)\"><img decoding=\"async\" class=\"brz-img\" srcset=\"https:\/\/ebecaindustrie.com\/wp-content\/uploads\/brizy\/imgs\/7-413x276x0x55x413x165x1738147406.jpg 1x, https:\/\/ebecaindustrie.com\/wp-content\/uploads\/brizy\/imgs\/7-826x552x0x110x826x330x1738147406.jpg 2x\" src=\"https:\/\/ebecaindustrie.com\/wp-content\/uploads\/brizy\/imgs\/7-393x263x65x0x263x263x1738147406.jpg\" alt=\"\" draggable=\"false\" loading=\"lazy\"><\/picture><\/div>\n<\/div>\n<\/div>\n<\/div>\n<div class=\"brz-columns brz-css-17n2wbb brz-css-18evezq\" data-brz-custom-id=\"cFxjYx1T4RUE\">\n<div class=\"brz-column__items brz-css-1kq8fpc brz-css-1ovbsdt\">\n<div id=\"\" class=\"brz-css-19i6omw brz-wrapper\">\n<div class=\"brz-image brz-css-y81f2p brz-css-15200wa\" data-brz-custom-id=\"bYAbNl_4fzRB\"><picture class=\"brz-picture brz-d-block brz-p-relative brz-css-1v0u3io\"><source srcset=\"https:\/\/ebecaindustrie.com\/wp-content\/uploads\/brizy\/imgs\/6-393x263x65x0x263x263x1738147404.jpg 1x, https:\/\/ebecaindustrie.com\/wp-content\/uploads\/brizy\/imgs\/6-786x526x130x0x526x526x1738147404.jpg 2x\" media=\"(min-width: 992px)\"><source srcset=\"https:\/\/ebecaindustrie.com\/wp-content\/uploads\/brizy\/imgs\/6-529x353x88x0x353x353x1738147404.jpg 1x, https:\/\/ebecaindustrie.com\/wp-content\/uploads\/brizy\/imgs\/6-1058x706x176x0x706x706x1738147404.jpg 2x\" media=\"(min-width: 768px)\"><img decoding=\"async\" class=\"brz-img\" srcset=\"https:\/\/ebecaindustrie.com\/wp-content\/uploads\/brizy\/imgs\/6-413x276x0x55x413x165x1738147404.jpg 1x, https:\/\/ebecaindustrie.com\/wp-content\/uploads\/brizy\/imgs\/6-826x552x0x110x826x330x1738147404.jpg 2x\" src=\"https:\/\/ebecaindustrie.com\/wp-content\/uploads\/brizy\/imgs\/6-393x263x65x0x263x263x1738147404.jpg\" alt=\"\" draggable=\"false\" loading=\"lazy\"><\/picture><\/div>\n<\/div>\n<\/div>\n<\/div>\n<div class=\"brz-columns brz-css-17n2wbb brz-css-wyrs56\" data-brz-custom-id=\"kmFS3__MEPs7\">\n<div class=\"brz-column__items brz-css-1kq8fpc brz-css-15xjwrf\">\n<div id=\"\" class=\"brz-css-19i6omw brz-wrapper\">\n<div class=\"brz-image brz-css-547xwz brz-css-q8aclp\" data-brz-custom-id=\"kEZ4Ahelchgd\"><picture class=\"brz-picture brz-d-block brz-p-relative brz-css-1d0gql5\"><source srcset=\"https:\/\/ebecaindustrie.com\/wp-content\/uploads\/brizy\/imgs\/3-393x263x65x0x263x263x1738147401.jpg 1x, https:\/\/ebecaindustrie.com\/wp-content\/uploads\/brizy\/imgs\/3-786x526x130x0x526x526x1738147401.jpg 2x\" media=\"(min-width: 992px)\"><source srcset=\"https:\/\/ebecaindustrie.com\/wp-content\/uploads\/brizy\/imgs\/3-529x353x88x0x353x353x1738147401.jpg 1x, https:\/\/ebecaindustrie.com\/wp-content\/uploads\/brizy\/imgs\/3-1058x706x176x0x706x706x1738147401.jpg 2x\" media=\"(min-width: 768px)\"><img decoding=\"async\" class=\"brz-img\" srcset=\"https:\/\/ebecaindustrie.com\/wp-content\/uploads\/brizy\/imgs\/3-413x276x0x55x413x165x1738147401.jpg 1x, https:\/\/ebecaindustrie.com\/wp-content\/uploads\/brizy\/imgs\/3-826x552x0x110x826x330x1738147401.jpg 2x\" src=\"https:\/\/ebecaindustrie.com\/wp-content\/uploads\/brizy\/imgs\/3-393x263x65x0x263x263x1738147401.jpg\" alt=\"\" draggable=\"false\" loading=\"lazy\"><\/picture><\/div>\n<\/div>\n<\/div>\n<\/div>\n<div class=\"brz-columns brz-css-17n2wbb brz-css-llk1n6\" data-brz-custom-id=\"fnfBqrqrHcx_\">\n<div class=\"brz-column__items brz-css-1kq8fpc brz-css-ot6evo\">\n<div id=\"\" class=\"brz-css-19i6omw brz-wrapper\">\n<div class=\"brz-image brz-css-asc0sr brz-css-1bgzidx\" data-brz-custom-id=\"gZua9znEG6c0\"><picture class=\"brz-picture brz-d-block brz-p-relative brz-css-1ynm7rk\"><source srcset=\"https:\/\/ebecaindustrie.com\/wp-content\/uploads\/brizy\/imgs\/2-393x263x65x0x263x263x1738147400.jpg 1x, https:\/\/ebecaindustrie.com\/wp-content\/uploads\/brizy\/imgs\/2-786x526x130x0x526x526x1738147400.jpg 2x\" media=\"(min-width: 992px)\"><source srcset=\"https:\/\/ebecaindustrie.com\/wp-content\/uploads\/brizy\/imgs\/2-529x353x88x0x353x353x1738147400.jpg 1x, https:\/\/ebecaindustrie.com\/wp-content\/uploads\/brizy\/imgs\/2-1058x706x176x0x706x706x1738147400.jpg 2x\" media=\"(min-width: 768px)\"><img decoding=\"async\" class=\"brz-img\" srcset=\"https:\/\/ebecaindustrie.com\/wp-content\/uploads\/brizy\/imgs\/2-413x276x0x55x413x165x1738147400.jpg 1x, https:\/\/ebecaindustrie.com\/wp-content\/uploads\/brizy\/imgs\/2-826x552x0x110x826x330x1738147400.jpg 2x\" src=\"https:\/\/ebecaindustrie.com\/wp-content\/uploads\/brizy\/imgs\/2-393x263x65x0x263x263x1738147400.jpg\" alt=\"\" draggable=\"false\" loading=\"lazy\"><\/picture><\/div>\n<\/div>\n<\/div>\n<\/div>\n<\/div>\n<\/div>\n<\/div>\n<\/div>\n<\/section>\n<section id=\"b0ce59362a4b7d82359c_eBDVzjhp6dpn\" class=\"brz-section brz-css-1qgzy4d\">\n<div class=\"brz-section__content brz-section--boxed brz-css-197q91f brz-css-ks16ro\" data-brz-custom-id=\"lXuwBDSlSa4i\">\n<div class=\"brz-container brz-css-33dkcx\">\n<div class=\"brz-row__container brz-css-1tdw578\" data-brz-custom-id=\"hwIMPt3diTNp\">\n<div class=\"brz-bg\"><\/div>\n<div class=\"brz-row brz-css-1ilb4wz brz-css-hcp8dz\">\n<div class=\"brz-columns brz-css-17n2wbb brz-css-18yxwpj\" data-brz-custom-id=\"qu5I5zCARMuw\">\n<div class=\"brz-bg\"><\/div>\n<div class=\"brz-column__items brz-css-1kq8fpc\">\n<div id=\"\" class=\"brz-css-19i6omw brz-css-svl2c1 brz-wrapper\">\n<div class=\"brz-image brz-css-13chzyw brz-css-182nn4o\" data-brz-custom-id=\"wR5csCvWDyz5\"><picture class=\"brz-picture brz-d-block brz-p-relative brz-css-l88lme brz-css-e0t0os\"><source srcset=\"https:\/\/ebecaindustrie.com\/wp-content\/uploads\/2025\/02\/la-politique-qualitei-2025_page-0001-min.jpg 1x, https:\/\/ebecaindustrie.com\/wp-content\/uploads\/2025\/02\/la-politique-qualitei-2025_page-0001-min.jpg 2x\" media=\"(min-width: 992px)\"><source srcset=\"https:\/\/ebecaindustrie.com\/wp-content\/uploads\/2025\/02\/la-politique-qualitei-2025_page-0001-min.jpg 1x, https:\/\/ebecaindustrie.com\/wp-content\/uploads\/2025\/02\/la-politique-qualitei-2025_page-0001-min.jpg 2x\" media=\"(min-width: 768px)\"><img decoding=\"async\" class=\"brz-img\" srcset=\"https:\/\/ebecaindustrie.com\/wp-content\/uploads\/2025\/02\/la-politique-qualitei-2025_page-0001-min.jpg 1x, https:\/\/ebecaindustrie.com\/wp-content\/uploads\/2025\/02\/la-politique-qualitei-2025_page-0001-min.jpg 2x\" src=\"https:\/\/ebecaindustrie.com\/wp-content\/uploads\/2025\/02\/la-politique-qualitei-2025_page-0001-min.jpg\" alt=\"\" draggable=\"false\" loading=\"lazy\"><\/picture><\/div>\n<\/div>\n<div class=\"brz-wrapper-clone brz-css-yu075c\">\n<div class=\"brz-d-xs-flex brz-flex-xs-wrap brz-css-30ph0m\" data-brz-custom-id=\"\">\n<div class=\"brz-wrapper-clone__item\" id=\"rskVChNdi79o\"><a class=\"brz-a brz-btn brz-css-685uky brz-css-2l4t2r brz-css-1sq67wj brz-css-1b62ras\" href=\"https:\/\/ebecaindustrie.com\/wp-content\/uploads\/2025\/02\/la-politique-qualitei-2025.pdf\" target=\"_blank\" rel=\"noopener\" data-brz-link-type=\"external\" data-brz-custom-id=\"rskVChNdi79o\"><svg class=\"brz-icon-svg align-[initial] brz-css-9iuol5\"><use href=\"\/wp-content\/plugins\/brizy\/public\/editor-build\/prod\/editor\/icons\/glyph\/tail-right.svg#nc_icon\"><\/use><\/svg><span data-brz-translate-text=\"1\" class=\"brz-span brz-text__editor\">VERSION PDF<\/span><\/a><\/div>\n<\/div>\n<\/div>\n<\/div>\n<\/div>\n<div class=\"brz-columns brz-css-17n2wbb brz-css-zfmqmr\" data-brz-custom-id=\"oBkBQ4TAlP9E\">\n<div class=\"brz-bg\"><\/div>\n<div class=\"brz-column__items brz-css-1kq8fpc\">\n<div id=\"\" class=\"brz-css-19i6omw brz-css-1bs7rpw brz-wrapper\">\n<div class=\"brz-image brz-css-1jatfw2 brz-css-gdcv5y\" data-brz-custom-id=\"tITPCp2IYees\"><picture class=\"brz-picture brz-d-block brz-p-relative brz-css-gl0fds brz-css-iocxd2\"><source srcset=\"https:\/\/ebecaindustrie.com\/wp-content\/uploads\/2025\/02\/Politique-Qualitei-ARABE-2025_page-0001-min.jpg 1x, https:\/\/ebecaindustrie.com\/wp-content\/uploads\/2025\/02\/Politique-Qualitei-ARABE-2025_page-0001-min.jpg 2x\" media=\"(min-width: 992px)\"><source srcset=\"https:\/\/ebecaindustrie.com\/wp-content\/uploads\/2025\/02\/Politique-Qualitei-ARABE-2025_page-0001-min.jpg 1x, https:\/\/ebecaindustrie.com\/wp-content\/uploads\/2025\/02\/Politique-Qualitei-ARABE-2025_page-0001-min.jpg 2x\" media=\"(min-width: 768px)\"><img decoding=\"async\" class=\"brz-img\" srcset=\"https:\/\/ebecaindustrie.com\/wp-content\/uploads\/2025\/02\/Politique-Qualitei-ARABE-2025_page-0001-min.jpg 1x, https:\/\/ebecaindustrie.com\/wp-content\/uploads\/2025\/02\/Politique-Qualitei-ARABE-2025_page-0001-min.jpg 2x\" src=\"https:\/\/ebecaindustrie.com\/wp-content\/uploads\/2025\/02\/Politique-Qualitei-ARABE-2025_page-0001-min.jpg\" alt=\"\" draggable=\"false\" loading=\"lazy\"><\/picture><\/div>\n<\/div>\n<div class=\"brz-wrapper-clone brz-css-yu075c\">\n<div class=\"brz-d-xs-flex brz-flex-xs-wrap brz-css-30ph0m\" data-brz-custom-id=\"\">\n<div class=\"brz-wrapper-clone__item\" id=\"qlM_yhCJR09t\"><a class=\"brz-a brz-btn brz-css-685uky brz-css-1fm9pha brz-css-1sq67wj brz-css-wi6qyx\" href=\"https:\/\/ebecaindustrie.com\/wp-content\/uploads\/2025\/02\/Politique-Qualitei-ARABE-2025.pdf\" target=\"_blank\" rel=\"noopener\" data-brz-link-type=\"external\" data-brz-custom-id=\"qlM_yhCJR09t\"><svg class=\"brz-icon-svg align-[initial] brz-css-9iuol5\"><use href=\"\/wp-content\/plugins\/brizy\/public\/editor-build\/prod\/editor\/icons\/glyph\/tail-right.svg#nc_icon\"><\/use><\/svg><span data-brz-translate-text=\"1\" class=\"brz-span brz-text__editor\">VERSION PDF<\/span><\/a><\/div>\n<\/div>\n<\/div>\n<\/div>\n<\/div>\n<\/div>\n<\/div>\n<\/div>\n<\/div>\n<\/section>\n<section id=\"79955ec2f1bb5e8fd3ad_pqAlsoKl9peJ\" class=\"brz-section brz-css-1qgzy4d\">\n<div class=\"brz-section__content brz-section--boxed brz-css-197q91f brz-css-16rhrl0\" data-brz-custom-id=\"b3bZlPlgvuCT\">\n<div class=\"brz-bg\">\n<div class=\"brz-bg-color\"><\/div>\n<\/div>\n<div class=\"brz-container brz-css-33dkcx\">\n<div class=\"brz-row__container brz-css-1tdw578 brz-css-1u54nrl\" data-brz-custom-id=\"oe3CgIY7d0aG\">\n<div class=\"brz-bg\"><\/div>\n<div class=\"brz-row brz-css-1ilb4wz brz-css-hcp8dz\">\n<div class=\"brz-columns brz-css-17n2wbb brz-css-1qckd5d\" data-brz-custom-id=\"qAGNOSQcI8Q7\">\n<div class=\"brz-bg\"><\/div>\n<div class=\"brz-column__items brz-css-1kq8fpc brz-css-1s7qek2\">\n<div id=\"\" class=\"brz-css-19i6omw brz-css-1f5x2bx brz-wrapper\">\n<div class=\"brz-rich-text brz-rich-text__custom brz-css-v33tju\" data-brz-custom-id=\"q7CtgQ0Ld801\">\n<div data-brz-translate-text=\"1\">\n<p class=\"brz-tp-lg-paragraph brz-tp-sm-paragraph brz-text-xs-center brz-tp-xs-paragraph brz-text-lg-center brz-css-jXHre\" data-generated-css=\"brz-css-crEfk\" data-uniq-id=\"hCf5F\"><a class=\"brz-cp-color7 link--external\" style=\"color: rgba(var(--brz-global-color7),0.7);\" href=\"https:\/\/ebecaindustrie.com\/\" data-brz-link-type=\"external\">ebecaindustrie.com<\/a><\/p>\n<\/div>\n<\/div>\n<\/div>\n<\/div>\n<\/div>\n<\/div>\n<\/div>\n<\/div>\n<\/div>\n<\/section>\n<\/div>\n<p>    <!-- version:1740391946 --><\/p>\n","protected":false},"excerpt":{"rendered":"<p>Ebeca Industrie Zone Industrielle Sidi Abdelhamid 4061 Sousse &#8211; Tunisie T\u00e9l. : +216 73 322 476 | +216 73 322 480 Fax : +216 73 322 479 export@ebecaindustrie.com sales@ebecaindustrie.com Notre site est en cours de cr\u00e9ation. Restez connect\u00e9s, nous serons bient\u00f4t en ligne ! VERSION PDF VERSION PDF ebecaindustrie.com<\/p>\n","protected":false},"author":1,"featured_media":27,"parent":0,"menu_order":0,"comment_status":"closed","ping_status":"closed","template":"brizy-blank-template.php","meta":{"footnotes":""},"class_list":["post-6","page","type-page","status-publish","has-post-thumbnail","hentry"],"_links":{"self":[{"href":"https:\/\/ebecaindustrie.com\/index.php\/wp-json\/wp\/v2\/pages\/6","targetHints":{"allow":["GET"]}}],"collection":[{"href":"https:\/\/ebecaindustrie.com\/index.php\/wp-json\/wp\/v2\/pages"}],"about":[{"href":"https:\/\/ebecaindustrie.com\/index.php\/wp-json\/wp\/v2\/types\/page"}],"author":[{"embeddable":true,"href":"https:\/\/ebecaindustrie.com\/index.php\/wp-json\/wp\/v2\/users\/1"}],"replies":[{"embeddable":true,"href":"https:\/\/ebecaindustrie.com\/index.php\/wp-json\/wp\/v2\/comments?post=6"}],"version-history":[{"count":13,"href":"https:\/\/ebecaindustrie.com\/index.php\/wp-json\/wp\/v2\/pages\/6\/revisions"}],"predecessor-version":[{"id":91,"href":"https:\/\/ebecaindustrie.com\/index.php\/wp-json\/wp\/v2\/pages\/6\/revisions\/91"}],"wp:featuredmedia":[{"embeddable":true,"href":"https:\/\/ebecaindustrie.com\/index.php\/wp-json\/wp\/v2\/media\/27"}],"wp:attachment":[{"href":"https:\/\/ebecaindustrie.com\/index.php\/wp-json\/wp\/v2\/media?parent=6"}],"curies":[{"name":"wp","href":"https:\/\/api.w.org\/{rel}","templated":true}]}}